{"id":119,"date":"2023-08-01T11:57:51","date_gmt":"2023-08-01T11:57:51","guid":{"rendered":"https:\/\/www.bscbuelach.ch\/?page_id=119"},"modified":"2024-03-10T14:11:29","modified_gmt":"2024-03-10T14:11:29","slug":"kontakt","status":"publish","type":"page","link":"https:\/\/www.bscbuelach.ch\/?page_id=119","title":{"rendered":"Kontakt"},"content":{"rendered":"\t\t<div data-elementor-type=\"wp-page\" data-elementor-id=\"119\" class=\"elementor elementor-119\">\n\t\t\t\t\t\t<section class=\"has_eae_slider elementor-section elementor-top-section elementor-element elementor-element-86c21d8 elementor-section-boxed elementor-section-height-default elementor-section-height-default\" data-eae-slider=\"16145\" data-id=\"86c21d8\" data-element_type=\"section\" data-e-type=\"section\">\n\t\t\t\t\t\t<div class=\"elementor-container elementor-column-gap-default\">\n\t\t\t\t\t<div class=\"has_eae_slider elementor-column elementor-col-100 elementor-top-column elementor-element elementor-element-9af6fdc\" data-eae-slider=\"26260\" data-id=\"9af6fdc\" data-element_type=\"column\" data-e-type=\"column\">\n\t\t\t<div class=\"elementor-widget-wrap elementor-element-populated\">\n\t\t\t\t\t\t<div class=\"elementor-element elementor-element-f9eeb66 elementor-widget elementor-widget-heading\" data-id=\"f9eeb66\" data-element_type=\"widget\" data-e-type=\"widget\" data-widget_type=\"heading.default\">\n\t\t\t\t<div class=\"elementor-widget-container\">\n\t\t\t\t\t<h1 class=\"elementor-heading-title elementor-size-default\">Vorstand<\/h1>\t\t\t\t<\/div>\n\t\t\t\t<\/div>\n\t\t\t\t\t<\/div>\n\t\t<\/div>\n\t\t\t\t\t<\/div>\n\t\t<\/section>\n\t\t\t\t<section class=\"has_eae_slider elementor-section elementor-top-section elementor-element elementor-element-cb9d7fa elementor-section-boxed elementor-section-height-default elementor-section-height-default\" data-eae-slider=\"14458\" data-id=\"cb9d7fa\" data-element_type=\"section\" data-e-type=\"section\">\n\t\t\t\t\t\t<div class=\"elementor-container elementor-column-gap-default\">\n\t\t\t\t\t<div class=\"has_eae_slider elementor-column elementor-col-100 elementor-top-column elementor-element elementor-element-82fde0b\" data-eae-slider=\"72980\" data-id=\"82fde0b\" data-element_type=\"column\" data-e-type=\"column\">\n\t\t\t<div class=\"elementor-widget-wrap elementor-element-populated\">\n\t\t\t\t\t\t<div class=\"elementor-element elementor-element-dcf6d75 elementor-widget elementor-widget-text-editor\" data-id=\"dcf6d75\" data-element_type=\"widget\" data-e-type=\"widget\" data-widget_type=\"text-editor.default\">\n\t\t\t\t<div class=\"elementor-widget-container\">\n\t\t\t\t\t\t\t\t\t<p><strong>Pr\u00e4sident<\/strong>: Markus Giger<\/p><p><strong>Co-Pr\u00e4sident<\/strong>:\u00a0<span style=\"color: var( --e-global-color-text );\">Franco Acquaroli<\/span><\/p><p><span style=\"color: var( --e-global-color-text );\"><strong>Aktuar<\/strong>: Marcel Blumer<\/span><\/p><p><strong>Finanzen<\/strong>: Hansj\u00f6rg L\u00f6hrer<\/p><p><strong>Organisation<\/strong>: Guido Scherer<\/p>\t\t\t\t\t\t\t\t<\/div>\n\t\t\t\t<\/div>\n\t\t\t\t\t<\/div>\n\t\t<\/div>\n\t\t\t\t\t<\/div>\n\t\t<\/section>\n\t\t\t\t<section class=\"has_eae_slider elementor-section elementor-top-section elementor-element elementor-element-f57929b elementor-section-boxed elementor-section-height-default elementor-section-height-default\" data-eae-slider=\"13278\" data-id=\"f57929b\" data-element_type=\"section\" data-e-type=\"section\">\n\t\t\t\t\t\t<div class=\"elementor-container elementor-column-gap-default\">\n\t\t\t\t\t<div class=\"has_eae_slider elementor-column elementor-col-100 elementor-top-column elementor-element elementor-element-d3daa73\" data-eae-slider=\"7027\" data-id=\"d3daa73\" data-element_type=\"column\" data-e-type=\"column\">\n\t\t\t<div class=\"elementor-widget-wrap elementor-element-populated\">\n\t\t\t\t\t\t<div class=\"elementor-element elementor-element-fe9a6e1 elementor-widget elementor-widget-text-editor\" data-id=\"fe9a6e1\" data-element_type=\"widget\" data-e-type=\"widget\" data-widget_type=\"text-editor.default\">\n\t\t\t\t<div class=\"elementor-widget-container\">\n\t\t\t\t\t\t\t\t\t<p><span style=\"color: var( --e-global-color-text );\">Fragen oder Anliegen k\u00f6nnen \u00fcber die Email\u00a0<\/span><em style=\"color: var( --e-global-color-text );\">info@bscbuelach.ch gestellt werden<\/em><\/p><p>\u00a0<\/p>\t\t\t\t\t\t\t\t<\/div>\n\t\t\t\t<\/div>\n\t\t\t\t\t<\/div>\n\t\t<\/div>\n\t\t\t\t\t<\/div>\n\t\t<\/section>\n\t\t\t\t<section class=\"has_eae_slider elementor-section elementor-top-section elementor-element elementor-element-44135ea elementor-section-boxed elementor-section-height-default elementor-section-height-default\" data-eae-slider=\"80765\" data-id=\"44135ea\" data-element_type=\"section\" data-e-type=\"section\">\n\t\t\t\t\t\t<div class=\"elementor-container elementor-column-gap-default\">\n\t\t\t\t\t<div class=\"has_eae_slider elementor-column elementor-col-100 elementor-top-column elementor-element elementor-element-a730eaf\" data-eae-slider=\"75402\" data-id=\"a730eaf\" data-element_type=\"column\" data-e-type=\"column\">\n\t\t\t<div class=\"elementor-widget-wrap elementor-element-populated\">\n\t\t\t\t\t\t<div class=\"elementor-element elementor-element-3ab428a elementor-widget elementor-widget-heading\" data-id=\"3ab428a\" data-element_type=\"widget\" data-e-type=\"widget\" data-widget_type=\"heading.default\">\n\t\t\t\t<div class=\"elementor-widget-container\">\n\t\t\t\t\t<h1 class=\"elementor-heading-title elementor-size-default\">Trainer<\/h1>\t\t\t\t<\/div>\n\t\t\t\t<\/div>\n\t\t\t\t\t<\/div>\n\t\t<\/div>\n\t\t\t\t\t<\/div>\n\t\t<\/section>\n\t\t\t\t<section class=\"has_eae_slider elementor-section elementor-top-section elementor-element elementor-element-0f02252 elementor-section-boxed elementor-section-height-default elementor-section-height-default\" data-eae-slider=\"17716\" data-id=\"0f02252\" data-element_type=\"section\" data-e-type=\"section\">\n\t\t\t\t\t\t<div class=\"elementor-container elementor-column-gap-default\">\n\t\t\t\t\t<div class=\"has_eae_slider elementor-column elementor-col-100 elementor-top-column elementor-element elementor-element-1da6777\" data-eae-slider=\"41740\" data-id=\"1da6777\" data-element_type=\"column\" data-e-type=\"column\">\n\t\t\t<div class=\"elementor-widget-wrap elementor-element-populated\">\n\t\t\t\t\t\t<div class=\"elementor-element elementor-element-69f9a38 elementor-widget elementor-widget-text-editor\" data-id=\"69f9a38\" data-element_type=\"widget\" data-e-type=\"widget\" data-widget_type=\"text-editor.default\">\n\t\t\t\t<div class=\"elementor-widget-container\">\n\t\t\t\t\t\t\t\t\t<p>Trainer: Renato Zumstein<\/p><p>Trainer: Franco Acquaroli<\/p><p>\u00a0<\/p>\t\t\t\t\t\t\t\t<\/div>\n\t\t\t\t<\/div>\n\t\t\t\t\t<\/div>\n\t\t<\/div>\n\t\t\t\t\t<\/div>\n\t\t<\/section>\n\t\t\t\t<section class=\"has_eae_slider elementor-section elementor-top-section elementor-element elementor-element-ff75175 elementor-section-boxed elementor-section-height-default elementor-section-height-default\" data-eae-slider=\"81103\" data-id=\"ff75175\" data-element_type=\"section\" data-e-type=\"section\">\n\t\t\t\t\t\t<div class=\"elementor-container elementor-column-gap-default\">\n\t\t\t\t\t<div class=\"has_eae_slider elementor-column elementor-col-100 elementor-top-column elementor-element elementor-element-864c0ee\" data-eae-slider=\"96733\" data-id=\"864c0ee\" data-element_type=\"column\" data-e-type=\"column\">\n\t\t\t<div class=\"elementor-widget-wrap elementor-element-populated\">\n\t\t\t\t\t\t<div class=\"elementor-element elementor-element-aac10cd elementor-widget elementor-widget-text-editor\" data-id=\"aac10cd\" data-element_type=\"widget\" data-e-type=\"widget\" data-widget_type=\"text-editor.default\">\n\t\t\t\t<div class=\"elementor-widget-container\">\n\t\t\t\t\t\t\t\t\t<p><span style=\"color: var( --e-global-color-text );\">Wer am Training teilnehmen m\u00f6chte, darf sich gerne mit Email an\u00a0<\/span><em style=\"color: var( --e-global-color-text );\">training@bscbuelach.ch<\/em><span style=\"color: var( --e-global-color-text );\">\u00a0melden<\/span><\/p><p>\u00a0<\/p>\t\t\t\t\t\t\t\t<\/div>\n\t\t\t\t<\/div>\n\t\t\t\t\t<\/div>\n\t\t<\/div>\n\t\t\t\t\t<\/div>\n\t\t<\/section>\n\t\t\t\t<section class=\"has_eae_slider elementor-section elementor-top-section elementor-element elementor-element-ab91e41 elementor-section-boxed elementor-section-height-default elementor-section-height-default\" data-eae-slider=\"32481\" data-id=\"ab91e41\" data-element_type=\"section\" data-e-type=\"section\">\n\t\t\t\t\t\t<div class=\"elementor-container elementor-column-gap-default\">\n\t\t\t\t\t<div class=\"has_eae_slider elementor-column elementor-col-100 elementor-top-column elementor-element elementor-element-18923c0\" data-eae-slider=\"59601\" data-id=\"18923c0\" data-element_type=\"column\" data-e-type=\"column\">\n\t\t\t<div class=\"elementor-widget-wrap elementor-element-populated\">\n\t\t\t\t\t\t<div class=\"elementor-element elementor-element-ffaf269 elementor-widget elementor-widget-heading\" data-id=\"ffaf269\" data-element_type=\"widget\" data-e-type=\"widget\" data-widget_type=\"heading.default\">\n\t\t\t\t<div class=\"elementor-widget-container\">\n\t\t\t\t\t<h1 class=\"elementor-heading-title elementor-size-default\">Dokumente<\/h1>\t\t\t\t<\/div>\n\t\t\t\t<\/div>\n\t\t\t\t\t<\/div>\n\t\t<\/div>\n\t\t\t\t\t<\/div>\n\t\t<\/section>\n\t\t\t\t<section class=\"has_eae_slider elementor-section elementor-top-section elementor-element elementor-element-9c3cf18 elementor-section-boxed elementor-section-height-default elementor-section-height-default\" data-eae-slider=\"54218\" data-id=\"9c3cf18\" data-element_type=\"section\" data-e-type=\"section\">\n\t\t\t\t\t\t<div class=\"elementor-container elementor-column-gap-default\">\n\t\t\t\t\t<div class=\"has_eae_slider elementor-column elementor-col-100 elementor-top-column elementor-element elementor-element-e501099\" data-eae-slider=\"22196\" data-id=\"e501099\" data-element_type=\"column\" data-e-type=\"column\">\n\t\t\t<div class=\"elementor-widget-wrap elementor-element-populated\">\n\t\t\t\t\t\t<div class=\"elementor-element elementor-element-93048a6 elementor-widget elementor-widget-text-editor\" data-id=\"93048a6\" data-element_type=\"widget\" data-e-type=\"widget\" data-widget_type=\"text-editor.default\">\n\t\t\t\t<div class=\"elementor-widget-container\">\n\t\t\t\t\t\t\t\t\t<p>Hier die wichtigsten Unterlagen f\u00fcr Mitglieder und Neuank\u00f6mmlinge:<\/p><ol><li><a href=\"https:\/\/www.bscbuelach.ch\/wp-content\/uploads\/2024\/03\/Anmeldeformular_BSC.pdf\">Anmeldeformular BSC<\/a><\/li><li><a href=\"https:\/\/www.bscbuelach.ch\/wp-content\/uploads\/2024\/02\/Einzahlungsschein-BSC.pdf\">Einzahlungsschein BSC<\/a><\/li><\/ol>\t\t\t\t\t\t\t\t<\/div>\n\t\t\t\t<\/div>\n\t\t\t\t\t<\/div>\n\t\t<\/div>\n\t\t\t\t\t<\/div>\n\t\t<\/section>\n\t\t\t\t<section class=\"has_eae_slider elementor-section elementor-top-section elementor-element elementor-element-d48cf7c elementor-section-boxed elementor-section-height-default elementor-section-height-default\" data-eae-slider=\"57536\" data-id=\"d48cf7c\" data-element_type=\"section\" data-e-type=\"section\">\n\t\t\t\t\t\t<div class=\"elementor-container elementor-column-gap-default\">\n\t\t\t\t\t<div class=\"has_eae_slider elementor-column elementor-col-100 elementor-top-column elementor-element elementor-element-1a8e462\" data-eae-slider=\"37507\" data-id=\"1a8e462\" data-element_type=\"column\" data-e-type=\"column\">\n\t\t\t<div class=\"elementor-widget-wrap\">\n\t\t\t\t\t\t\t<\/div>\n\t\t<\/div>\n\t\t\t\t\t<\/div>\n\t\t<\/section>\n\t\t\t\t<\/div>\n\t\t","protected":false},"excerpt":{"rendered":"<p>Vorstand Pr\u00e4sident: Markus Giger Co-Pr\u00e4sident:\u00a0Franco Acquaroli Aktuar: Marcel Blumer Finanzen: Hansj\u00f6rg L\u00f6hrer Organisation: Guido Scherer Fragen oder Anliegen k\u00f6nnen \u00fcber die Email\u00a0info@bscbuelach.ch gestellt werden \u00a0 Trainer Trainer: Renato Zumstein Trainer: Franco Acquaroli \u00a0 Wer am Training teilnehmen m\u00f6chte, darf sich gerne mit Email an\u00a0training@bscbuelach.ch\u00a0melden \u00a0 Dokumente Hier die wichtigsten Unterlagen f\u00fcr Mitglieder und Neuank\u00f6mmlinge: Anmeldeformular [&hellip;]<\/p>\n","protected":false},"author":1,"featured_media":0,"parent":0,"menu_order":0,"comment_status":"closed","ping_status":"closed","template":"","meta":{"footnotes":""},"class_list":["post-119","page","type-page","status-publish","hentry"],"featured_media_urls":[],"_links":{"self":[{"href":"https:\/\/www.bscbuelach.ch\/index.php?rest_route=\/wp\/v2\/pages\/119","targetHints":{"allow":["GET"]}}],"collection":[{"href":"https:\/\/www.bscbuelach.ch\/index.php?rest_route=\/wp\/v2\/pages"}],"about":[{"href":"https:\/\/www.bscbuelach.ch\/index.php?rest_route=\/wp\/v2\/types\/page"}],"author":[{"embeddable":true,"href":"https:\/\/www.bscbuelach.ch\/index.php?rest_route=\/wp\/v2\/users\/1"}],"replies":[{"embeddable":true,"href":"https:\/\/www.bscbuelach.ch\/index.php?rest_route=%2Fwp%2Fv2%2Fcomments&post=119"}],"version-history":[{"count":40,"href":"https:\/\/www.bscbuelach.ch\/index.php?rest_route=\/wp\/v2\/pages\/119\/revisions"}],"predecessor-version":[{"id":371,"href":"https:\/\/www.bscbuelach.ch\/index.php?rest_route=\/wp\/v2\/pages\/119\/revisions\/371"}],"wp:attachment":[{"href":"https:\/\/www.bscbuelach.ch\/index.php?rest_route=%2Fwp%2Fv2%2Fmedia&parent=119"}],"curies":[{"name":"wp","href":"https:\/\/api.w.org\/{rel}","templated":true}]}}